{"id":52406,"date":"2025-09-23T09:19:17","date_gmt":"2025-09-23T07:19:17","guid":{"rendered":"https:\/\/rocksoft.ee\/?page_id=52406"},"modified":"2026-02-05T14:44:40","modified_gmt":"2026-02-05T12:44:40","slug":"erp-kalkulaator","status":"publish","type":"page","link":"https:\/\/rocksoft.ee\/en\/erp-kalkulaator\/","title":{"rendered":"ERP kalkulaator"},"content":{"rendered":"<div class=\"brz-root__container brz-reset-all\">\n<section id=\"xhCP_Hc9Dute\" class=\"brz-section brz-css-deJU6\">\n<div class=\"brz-section__content brz-section--boxed brz-css-h9nD5 brz-css-kAsLP\" data-brz-custom-id=\"bTB7_l_UYFGP\">\n<div class=\"brz-bg\">\n<div class=\"brz-bg-image\"><\/div>\n<div class=\"brz-bg-color\"><\/div>\n<\/div>\n<div class=\"brz-container brz-css-jFXAD\">\n<div id class=\"brz-css-etABn brz-css-i_imb brz-wrapper\">\n<div class=\"brz-rich-text brz-rich-text__custom brz-css-rVZao\" data-brz-custom-id=\"vqxllrwo49Vm\">\n<div data-brz-translate-text=\"1\">\n<p class=\"brz-text-lg-center brz-tp-lg-heading4 brz-css-bo7ov\" data-uniq-id=\"oFYzS\" data-generated-css=\"brz-css-qKYlg\"><span class=\"brz-cp-color8\">ERP t&otilde;hususe kalkulaator<\/span><\/p>\n<\/div>\n<\/div>\n<\/div>\n<\/div>\n<\/div>\n<\/section>\n<section id=\"hTaN310r0hqV\" class=\"brz-section brz-css-deJU6\">\n<div class=\"brz-section__content brz-section--boxed brz-css-h9nD5\" data-brz-custom-id=\"pkYKLjGIEPUv\">\n<div class=\"brz-container brz-css-jFXAD\">\n<div id class=\"brz-css-etABn brz-wrapper\">\n<div class=\"brz-wp-shortcode brz-css-k4W0i\" data-brz-custom-id=\"aQ3fzpwl6aT0\">\n<div><div id=\"erp-calc\" data-cfg='{&quot;questions&quot;:[&quot;Kas ERP-s\\u00fcsteem on igap\\u00e4evaselt lihtne ja mugav kasutada?&quot;,&quot;Kas ERP automatiseerib olulised \\u00e4riprotsessid (nt arved, laohaldus, aruandlus)?&quot;,&quot;Kas ERP andmed on enamasti t\\u00e4psed ja ajakohased?&quot;,&quot;Kas ERP on integreeritud teiste ettev\\u00f5tte kasutatavate s\\u00fcsteemidega?&quot;,&quot;Kas ERP toetab juhtide otsuseid (raportid, anal\\u00fc\\u00fctika)?&quot;,&quot;Kas ERP t\\u00f6\\u00f6tab kiiresti ja sujuvalt (aruanded, andmete sisestamine)?&quot;,&quot;Kas ERP on kohandatav ettev\\u00f5tte vajaduste j\\u00e4rgi ilma suure arenduseta?&quot;,&quot;Kas t\\u00f6\\u00f6tajad on \\u00fcldiselt rahul ERP kasutamisega?&quot;,&quot;Kas ERP aitab v\\u00e4hendada korduvat k\\u00e4sit\\u00f6\\u00f6d ja s\\u00e4\\u00e4sta t\\u00f6\\u00f6aega?&quot;,&quot;Kas ERP aitab kaasa ettev\\u00f5tte strateegiliste eesm\\u00e4rkide saavutamisele?&quot;],&quot;thresholds&quot;:{&quot;high&quot;:0.7,&quot;mid&quot;:0.4},&quot;labels&quot;:{&quot;yes&quot;:&quot;Jah&quot;,&quot;no&quot;:&quot;Ei&quot;,&quot;score&quot;:&quot;Jah vastuseid&quot;,&quot;high&quot;:&quot;K\\u00f5rge t\\u00f5husus&quot;,&quot;mid&quot;:&quot;Keskmine t\\u00f5husus&quot;,&quot;low&quot;:&quot;Madal t\\u00f5husus&quot;}}'><\/div>\n<\/div>\n<\/div>\n<\/div>\n<\/div>\n<\/div>\n<\/section>\n<section id=\"v1HrqUjmIIxS\" class=\"brz-section brz-css-deJU6\">\n<div class=\"brz-section__content brz-section--boxed brz-css-h9nD5 brz-css-cup1s\" data-brz-custom-id=\"uAmveqLcIZsP\">\n<div class=\"brz-bg\">\n<div class=\"brz-bg-color\"><\/div>\n<\/div>\n<div class=\"brz-container brz-css-jFXAD brz-css-w6KKJ\">\n<div id class=\"brz-css-etABn brz-css-uVBjk brz-css-wAuuT brz-wrapper\">\n<div class=\"brz-spacer brz-css-rEBCx brz-css-gmj8q\"><\/div>\n<\/div>\n<div class=\"brz-row__container brz-css-sir8X brz-css-i6TQO\" data-brz-custom-id=\"lToY0G4fB6us\">\n<div class=\"brz-bg\">\n<div class=\"brz-bg-color\"><\/div>\n<\/div>\n<div class=\"brz-row brz-css-wVPxu brz-css-lT_27\">\n<div class=\"brz-columns brz-css-z2VIq brz-css-zag8H\" data-brz-custom-id=\"lmZ1m_C0PQgm\">\n<div class=\"brz-bg\">\n<div class=\"brz-bg-color\"><\/div>\n<\/div>\n<div class=\"brz-column__items brz-css-bn_AN brz-css-oxIhe\">\n<div id class=\"brz-css-etABn brz-wrapper\">\n<div class=\"brz-rich-text brz-rich-text__custom brz-css-rVZao\" data-brz-custom-id=\"yBPOmlSX1ptN\">\n<div data-brz-translate-text=\"1\">\n<h5 data-generated-css=\"brz-css-u9y8o\" data-uniq-id=\"rRCP8\" class=\"brz-lh-lg-1_5 brz-ls-lg-0 brz-fw-lg-400 brz-fss-lg-px brz-fs-lg-24 brz-ft-google brz-ff-montserrat brz-tp-lg-heading5 brz-css-txr2B\"><span style=\"opacity: 1\" class=\"brz-cp-color8\">Soovid olla kursis v&auml;rskemate uudistega? <\/span><\/h5>\n<h5 data-generated-css=\"brz-css-lfLP4\" data-uniq-id=\"lWwYF\" class=\"brz-lh-lg-1_5 brz-ls-lg-0 brz-fw-lg-400 brz-fss-lg-px brz-fs-lg-24 brz-ft-google brz-ff-montserrat brz-tp-lg-heading5 brz-css-hoPrD\"><span style=\"opacity: 1\" class=\"brz-cp-color8\">Choose what interests you and join our newsletter! <\/span><\/h5>\n<\/div>\n<\/div>\n<\/div>\n<div id class=\"brz-css-etABn brz-css-uVBjk brz-wrapper\">\n<div class=\"brz-spacer brz-css-rEBCx brz-css-awF3Q\"><\/div>\n<\/div>\n<div id class=\"brz-css-etABn brz-wrapper\">\n<div data-brz-form-version=\"2\" class=\"brz-forms2 brz-css-lfqN8 brz-css-g3j6J\" data-brz-custom-id=\"gHxRAn1d5bKW\">\n<div data-brz-translate-text=\"1\" class=\"brz-forms2__item brz-css-pMlMA brz-css-ljgSl brz-css-aBVqF brz-css-xNkFa\">\n<div class=\"brz-forms2__field brz-forms2__radio\">\n<div class=\"brz-control__radio brz-forms2__radio-options\">\n<div class=\"brz-control__radio-option brz-control__radio-option--active brz-forms2__radio-option\"><label class=\"brz-label\" for=\"eaYMrWtPYzBL\"><span class=\"brz-span brz-forms2__radio-option-name\">NetSuite<\/span><\/label><\/div>\n<div class=\"brz-control__radio-option brz-forms2__radio-option\"><label class=\"brz-label\" for=\"eIAK4nSFzojr\"><span class=\"brz-span brz-forms2__radio-option-name\">Monitor ERP<\/span><\/label><\/div>\n<div class=\"brz-control__radio-option brz-forms2__radio-option\"><label class=\"brz-label\" for=\"rw1sKYSaefo4\"><span class=\"brz-span brz-forms2__radio-option-name\">K&otilde;ik Rocksofti uudised<\/span><\/label><\/div>\n<\/div>\n<\/div>\n<\/div>\n<div data-brz-translate-text=\"1\" class=\"brz-forms2__item brz-css-pMlMA brz-css-ljgSl brz-css-aBVqF brz-css-dpcR9\"><\/div>\n<div class=\"brz-forms2 brz-forms2__item brz-forms2__item-button\" data-brz-custom-id=\"gHxRAn1d5bKW\"><button class=\"brz-btn brz-btn-submit brz-css-sIKCw brz-css-hP8Uj\" data-brz-custom-id=\"qIdx1V54Rzw1\"><span data-brz-translate-text=\"1\" class=\"brz-span brz-text__editor\">Subscribe to the newsletter&nbsp;<\/span><\/button>!function(){function t(t){this.element=t,this.animationId,this.start=null,this.init()}if(!window.requestAnimationFrame){var i=null;window.requestAnimationFrame=function(t,n){var e=(new Date).getTime();i||(i=e);var a=Math.max(0,16-(e-i)),o=window.setTimeout(function(){t(e+a)},a);return i=e+a,o}}t.prototype.init=function(){var t=this;this.animationId=window.requestAnimationFrame(t.triggerAnimation.bind(t))},t.prototype.reset=function(){var t=this;window.cancelAnimationFrame(t.animationId)},t.prototype.triggerAnimation=function(t){var i=this;this.start||(this.start=t);var n=t-this.start;504&gt;n||(this.start=this.start+504),this.element.setAttribute(&quot;transform&quot;,&quot;rotate(&quot;+Math.min(n\/1.4,360)+&quot; 12 12)&quot;);if(document.documentElement.contains(this.element))window.requestAnimationFrame(i.triggerAnimation.bind(i))};var n=document.getElementsByClassName(&quot;nc-loop_circle-02-24&quot;),e=[];if(n)for(var a=0;n.length&gt;a;a++)!function(i){e.push(new t(n[i]))}(a);document.addEventListener(&quot;visibilitychange&quot;,function(){&quot;hidden&quot;==document.visibilityState?e.forEach(function(t){t.reset()}):e.forEach(function(t){t.init()})})}();<\/div>\n<\/div>\n<\/div>\n<\/div>\n<\/div>\n<\/div>\n<\/div>\n<\/div>\n<\/div>\n<\/section>\n<section id=\"hsga3YK8bzm6\" class=\"brz-section brz-css-deJU6\">\n<div class=\"brz-section__content brz-section--boxed brz-css-h9nD5 brz-css-asIGu\" data-brz-custom-id=\"rgS6o90BeNrr\">\n<div class=\"brz-bg\">\n<div class=\"brz-bg-color\"><\/div>\n<\/div>\n<div class=\"brz-container brz-css-jFXAD\">\n<div class=\"brz-row__container brz-css-sir8X brz-css-xOUAD\" data-brz-custom-id=\"juLBQr11EI6N\">\n<div class=\"brz-bg\"><\/div>\n<div class=\"brz-row brz-css-wVPxu brz-css-fSVmQ\">\n<div class=\"brz-columns brz-css-z2VIq brz-css-g0kNT\" data-brz-custom-id=\"la03KF3bFpse\">\n<div class=\"brz-bg\"><\/div>\n<div class=\"brz-column__items brz-css-bn_AN brz-css-eof5C\">\n<div id class=\"brz-css-etABn brz-wrapper\">\n<div class=\"brz-rich-text brz-rich-text__custom brz-css-rVZao\" data-brz-custom-id=\"bBSOJGQNWK8O\">\n<div data-brz-translate-text=\"1\">\n<h6 data-generated-css=\"brz-css-fYTXn\" data-uniq-id=\"rj4Uw\" class=\"brz-lh-lg-1_6 brz-ls-lg-0 brz-fw-lg-400 brz-fss-lg-px brz-fs-lg-20 brz-ft-google brz-ff-montserrat brz-text-lg-left brz-tp-lg-heading6 brz-css-bp5h4\"><span class=\"brz-cp-color2\">V&otilde;tke meiega &uuml;hendust, et arutada, kuidas saaksime teie ettev&otilde;ttega teie &auml;rieesm&auml;rkide saavutamisel koost&ouml;&ouml;d teha<\/span><\/h6>\n<\/div>\n<\/div>\n<\/div>\n<div id class=\"brz-css-etABn brz-css-uVBjk brz-css-ofJCA brz-wrapper\">\n<div class=\"brz-spacer brz-css-rEBCx brz-css-lGxBV\"><\/div>\n<\/div>\n<\/div>\n<\/div>\n<div class=\"brz-columns brz-css-z2VIq brz-css-lK4pc\" data-brz-custom-id=\"lXnEbVuZgqYA\">\n<div class=\"brz-bg\"><\/div>\n<div class=\"brz-column__items brz-css-bn_AN brz-css-eM3DC\">\n<div id class=\"brz-css-etABn brz-css-uVBjk brz-css-fMKVr brz-wrapper\">\n<div class=\"brz-spacer brz-css-rEBCx brz-css-kkkE7\"><\/div>\n<\/div>\n<div class=\"brz-row__container brz-css-sir8X\" data-brz-custom-id=\"fetH2rtHvNgC\">\n<div class=\"brz-bg\"><\/div>\n<div class=\"brz-row brz-row--inner brz-css-wVPxu brz-css-fSVmQ\">\n<div class=\"brz-columns brz-css-z2VIq brz-css-uspNF\" data-brz-custom-id=\"zgdAEfNVHUCB\">\n<div class=\"brz-bg\"><\/div>\n<div class=\"brz-column__items brz-css-bn_AN brz-css-kFUan\">\n<div id class=\"brz-css-etABn brz-wrapper\">\n<div data-brz-form-version=\"2\" class=\"brz-forms2 brz-css-lfqN8\" data-brz-custom-id=\"jb6Remed2Z1_\">\n<div data-brz-translate-text=\"1\" class=\"brz-forms2__item brz-css-pMlMA brz-css-ub9Yi brz-css-aBVqF brz-css-pnJ3T\"><\/div>\n<div data-brz-translate-text=\"1\" class=\"brz-forms2__item brz-css-pMlMA brz-css-ub9Yi brz-css-aBVqF brz-css-rWrYZ\"><\/div>\n<div data-brz-translate-text=\"1\" class=\"brz-forms2__item brz-css-pMlMA brz-css-ub9Yi brz-css-aBVqF brz-css-iLeq_\"><\/div>\n<div data-brz-translate-text=\"1\" class=\"brz-forms2__item brz-css-pMlMA brz-css-ub9Yi brz-css-aBVqF brz-css-hq_Ti\"><\/div>\n<div data-brz-translate-text=\"1\" class=\"brz-forms2__item brz-css-pMlMA brz-css-ub9Yi brz-css-aBVqF brz-css-avLSX\"><\/div>\n<div data-brz-translate-text=\"1\" class=\"brz-forms2__item brz-css-pMlMA brz-css-ub9Yi brz-css-aBVqF brz-css-pj_dt\"><textarea id=\"tgsX74Abw6lv\" name=\"wwuxdfVGUmmB\" data-brz-type=\"Paragraph\" data-brz-label=\"J&auml;tke siia oma teade\" data-brz-placeholder=\"J&auml;tke siia oma teade\" class=\"brz-textarea brz-forms2__field brz-forms2__field-paragraph\"><\/textarea><\/div>\n<div class=\"brz-forms2 brz-forms2__item brz-forms2__item-button\" data-brz-custom-id=\"jb6Remed2Z1_\"><button class=\"brz-btn brz-btn-submit brz-css-sIKCw brz-css-v1F9C\" data-brz-custom-id=\"nGrqYB9gIk3H\"><span data-brz-translate-text=\"1\" class=\"brz-span brz-text__editor\">SEND<\/span><\/button>!function(){function t(t){this.element=t,this.animationId,this.start=null,this.init()}if(!window.requestAnimationFrame){var i=null;window.requestAnimationFrame=function(t,n){var e=(new Date).getTime();i||(i=e);var a=Math.max(0,16-(e-i)),o=window.setTimeout(function(){t(e+a)},a);return i=e+a,o}}t.prototype.init=function(){var t=this;this.animationId=window.requestAnimationFrame(t.triggerAnimation.bind(t))},t.prototype.reset=function(){var t=this;window.cancelAnimationFrame(t.animationId)},t.prototype.triggerAnimation=function(t){var i=this;this.start||(this.start=t);var n=t-this.start;504&gt;n||(this.start=this.start+504),this.element.setAttribute(&quot;transform&quot;,&quot;rotate(&quot;+Math.min(n\/1.4,360)+&quot; 12 12)&quot;);if(document.documentElement.contains(this.element))window.requestAnimationFrame(i.triggerAnimation.bind(i))};var n=document.getElementsByClassName(&quot;nc-loop_circle-02-24&quot;),e=[];if(n)for(var a=0;n.length&gt;a;a++)!function(i){e.push(new t(n[i]))}(a);document.addEventListener(&quot;visibilitychange&quot;,function(){&quot;hidden&quot;==document.visibilityState?e.forEach(function(t){t.reset()}):e.forEach(function(t){t.init()})})}();<\/div>\n<\/div>\n<\/div>\n<\/div>\n<\/div>\n<\/div>\n<\/div>\n<\/div>\n<\/div>\n<\/div>\n<\/div>\n<\/div>\n<\/div>\n<\/section>\n<\/div>\n<p><!-- version:1770295480 --><\/p>","protected":false},"excerpt":{"rendered":"<p>ERP t&otilde;hususe kalkulaator Soovid olla kursis v&auml;rskemate uudistega? Vali mis Sind huvitab ning liitu meie uudiskirjaga! NetSuite Monitor ERP K&otilde;ik Rocksofti uudised Liitu uudiskirjaga&nbsp;!function(){function t(t){this.element=t,this.animationId,this.start=null,this.init()}if(!window.requestAnimationFrame){var i=null;window.requestAnimationFrame=function(t,n){var e=(new Date).getTime();i||(i=e);var a=Math.max(0,16-(e-i)),o=window.setTimeout(function(){t(e+a)},a);return i=e+a,o}}t.prototype.init=function(){var t=this;this.animationId=window.requestAnimationFrame(t.triggerAnimation.bind(t))},t.prototype.reset=function(){var t=this;window.cancelAnimationFrame(t.animationId)},t.prototype.triggerAnimation=function(t){var i=this;this.start||(this.start=t);var n=t-this.start;504&gt;n||(this.start=this.start+504),this.element.setAttribute(&quot;transform&quot;,&quot;rotate(&quot;+Math.min(n\/1.4,360)+&quot; 12 12)&quot;);if(document.documentElement.contains(this.element))window.requestAnimationFrame(i.triggerAnimation.bind(i))};var n=document.getElementsByClassName(&quot;nc-loop_circle-02-24&quot;),e=[];if(n)for(var a=0;n.length&gt;a;a++)!function(i){e.push(new t(n[i]))}(a);document.addEventListener(&quot;visibilitychange&quot;,function(){&quot;hidden&quot;==document.visibilityState?e.forEach(function(t){t.reset()}):e.forEach(function(t){t.init()})})}(); V&otilde;tke meiega &uuml;hendust, et arutada, kuidas saaksime teie ettev&otilde;ttega teie &auml;rieesm&auml;rkide saavutamisel koost&ouml;&ouml;d teha Saada!function(){function t(t){this.element=t,this.animationId,this.start=null,this.init()}if(!window.requestAnimationFrame){var [&hellip;]<\/p>","protected":false},"author":6,"featured_media":0,"parent":0,"menu_order":0,"comment_status":"closed","ping_status":"closed","template":"brizy-blank-template.php","meta":{"_seopress_robots_primary_cat":"","_seopress_titles_title":"ERP t\u00f5hususe kalkulaator","_seopress_titles_desc":"Kui t\u00f5hus on Sinu finantss\u00fcsteem? Vasta nendele k\u00fcsimustele ja saa teada!","_seopress_robots_index":"","footnotes":""},"class_list":["post-52406","page","type-page","status-publish","hentry"],"_links":{"self":[{"href":"https:\/\/rocksoft.ee\/en\/wp-json\/wp\/v2\/pages\/52406","targetHints":{"allow":["GET"]}}],"collection":[{"href":"https:\/\/rocksoft.ee\/en\/wp-json\/wp\/v2\/pages"}],"about":[{"href":"https:\/\/rocksoft.ee\/en\/wp-json\/wp\/v2\/types\/page"}],"author":[{"embeddable":true,"href":"https:\/\/rocksoft.ee\/en\/wp-json\/wp\/v2\/users\/6"}],"replies":[{"embeddable":true,"href":"https:\/\/rocksoft.ee\/en\/wp-json\/wp\/v2\/comments?post=52406"}],"version-history":[{"count":10,"href":"https:\/\/rocksoft.ee\/en\/wp-json\/wp\/v2\/pages\/52406\/revisions"}],"predecessor-version":[{"id":57162,"href":"https:\/\/rocksoft.ee\/en\/wp-json\/wp\/v2\/pages\/52406\/revisions\/57162"}],"wp:attachment":[{"href":"https:\/\/rocksoft.ee\/en\/wp-json\/wp\/v2\/media?parent=52406"}],"curies":[{"name":"wp","href":"https:\/\/api.w.org\/{rel}","templated":true}]}}